{"id":705,"date":"2023-07-26T16:34:19","date_gmt":"2023-07-26T13:34:19","guid":{"rendered":"https:\/\/kietaviskiu.lt\/product\/vysniniai-pomidorai\/"},"modified":"2023-07-27T14:03:57","modified_gmt":"2023-07-27T11:03:57","slug":"vysniniai-pomidorai","status":"publish","type":"product","link":"https:\/\/kietaviskiu.lt\/en\/product\/vysniniai-pomidorai\/","title":{"rendered":"Cherry tomatoes"},"content":{"rendered":"\n<p>Cherry tomatoes are the most popular little tomato variety. They are spherical, roughly 2.5 cm in diameter, juicy, delicious, and have thin skins. We typically use cherry to flavour salads and create different skewers, just like we do with other little tomatoes. Additionally, they are ideal for grilling or baking in the oven.<\/p>\n","protected":false},"featured_media":661,"menu_order":0,"template":"","class_list":["post-705","product","type-product","status-publish","has-post-thumbnail","hentry"],"acf":[],"yoast_head":"<!-- This site is optimized with the Yoast SEO plugin v27.5 - https:\/\/yoast.com\/product\/yoast-seo-wordpress\/ -->\n<title>Cherry tomatoes - Kietavi\u0161kiu<\/title>\n<meta name=\"robots\" content=\"index, follow, max-snippet:-1, max-image-preview:large, max-video-preview:-1\" \/>\n<link rel=\"canonical\" href=\"https:\/\/kietaviskiu.lt\/en\/product\/vysniniai-pomidorai\/\" \/>\n<meta property=\"og:locale\" content=\"en_US\" \/>\n<meta property=\"og:type\" content=\"article\" \/>\n<meta property=\"og:title\" content=\"Cherry tomatoes - Kietavi\u0161kiu\" \/>\n<meta property=\"og:description\" content=\"Cherry tomatoes are the most popular little tomato variety. They are spherical, roughly 2.5 cm in diameter, juicy, delicious, and have thin skins. We typically use cherry to flavour salads and create different skewers, just like we do with other little tomatoes. Additionally, they are ideal for grilling or baking in the oven.\" \/>\n<meta property=\"og:url\" content=\"https:\/\/kietaviskiu.lt\/en\/product\/vysniniai-pomidorai\/\" \/>\n<meta property=\"og:site_name\" content=\"Kietavi\u0161kiu\" \/>\n<meta property=\"article:publisher\" content=\"https:\/\/www.facebook.com\/Kietaviskiu\/\" \/>\n<meta property=\"article:modified_time\" content=\"2023-07-27T11:03:57+00:00\" \/>\n<meta property=\"og:image\" content=\"https:\/\/kietaviskiu.lt\/wp-content\/uploads\/2023\/07\/vysniniai-pomidorai.jpg\" \/>\n\t<meta property=\"og:image:width\" content=\"900\" \/>\n\t<meta property=\"og:image:height\" content=\"900\" \/>\n\t<meta property=\"og:image:type\" content=\"image\/jpeg\" \/>\n<meta name=\"twitter:card\" content=\"summary_large_image\" \/>\n<script type=\"application\/ld+json\" class=\"yoast-schema-graph\">{\"@context\":\"https:\\\/\\\/schema.org\",\"@graph\":[{\"@type\":\"WebPage\",\"@id\":\"https:\\\/\\\/kietaviskiu.lt\\\/en\\\/product\\\/vysniniai-pomidorai\\\/\",\"url\":\"https:\\\/\\\/kietaviskiu.lt\\\/en\\\/product\\\/vysniniai-pomidorai\\\/\",\"name\":\"Cherry tomatoes - Kietavi\u0161kiu\",\"isPartOf\":{\"@id\":\"https:\\\/\\\/kietaviskiu.lt\\\/en\\\/#website\"},\"primaryImageOfPage\":{\"@id\":\"https:\\\/\\\/kietaviskiu.lt\\\/en\\\/product\\\/vysniniai-pomidorai\\\/#primaryimage\"},\"image\":{\"@id\":\"https:\\\/\\\/kietaviskiu.lt\\\/en\\\/product\\\/vysniniai-pomidorai\\\/#primaryimage\"},\"thumbnailUrl\":\"https:\\\/\\\/kietaviskiu.lt\\\/wp-content\\\/uploads\\\/2023\\\/07\\\/vysniniai-pomidorai.jpg\",\"datePublished\":\"2023-07-26T13:34:19+00:00\",\"dateModified\":\"2023-07-27T11:03:57+00:00\",\"breadcrumb\":{\"@id\":\"https:\\\/\\\/kietaviskiu.lt\\\/en\\\/product\\\/vysniniai-pomidorai\\\/#breadcrumb\"},\"inLanguage\":\"en-US\",\"potentialAction\":[{\"@type\":\"ReadAction\",\"target\":[\"https:\\\/\\\/kietaviskiu.lt\\\/en\\\/product\\\/vysniniai-pomidorai\\\/\"]}]},{\"@type\":\"ImageObject\",\"inLanguage\":\"en-US\",\"@id\":\"https:\\\/\\\/kietaviskiu.lt\\\/en\\\/product\\\/vysniniai-pomidorai\\\/#primaryimage\",\"url\":\"https:\\\/\\\/kietaviskiu.lt\\\/wp-content\\\/uploads\\\/2023\\\/07\\\/vysniniai-pomidorai.jpg\",\"contentUrl\":\"https:\\\/\\\/kietaviskiu.lt\\\/wp-content\\\/uploads\\\/2023\\\/07\\\/vysniniai-pomidorai.jpg\",\"width\":900,\"height\":900},{\"@type\":\"BreadcrumbList\",\"@id\":\"https:\\\/\\\/kietaviskiu.lt\\\/en\\\/product\\\/vysniniai-pomidorai\\\/#breadcrumb\",\"itemListElement\":[{\"@type\":\"ListItem\",\"position\":1,\"name\":\"Home\",\"item\":\"https:\\\/\\\/kietaviskiu.lt\\\/en\\\/\"},{\"@type\":\"ListItem\",\"position\":2,\"name\":\"Products\",\"item\":\"https:\\\/\\\/kietaviskiu.lt\\\/en\\\/product\\\/\"},{\"@type\":\"ListItem\",\"position\":3,\"name\":\"Cherry tomatoes\"}]},{\"@type\":\"WebSite\",\"@id\":\"https:\\\/\\\/kietaviskiu.lt\\\/en\\\/#website\",\"url\":\"https:\\\/\\\/kietaviskiu.lt\\\/en\\\/\",\"name\":\"Kietavi\u0161kiu\",\"description\":\"Lietuvi\u0161kos dar\u017eov\u0117s - visus metus\",\"publisher\":{\"@id\":\"https:\\\/\\\/kietaviskiu.lt\\\/en\\\/#organization\"},\"potentialAction\":[{\"@type\":\"SearchAction\",\"target\":{\"@type\":\"EntryPoint\",\"urlTemplate\":\"https:\\\/\\\/kietaviskiu.lt\\\/en\\\/?s={search_term_string}\"},\"query-input\":{\"@type\":\"PropertyValueSpecification\",\"valueRequired\":true,\"valueName\":\"search_term_string\"}}],\"inLanguage\":\"en-US\"},{\"@type\":\"Organization\",\"@id\":\"https:\\\/\\\/kietaviskiu.lt\\\/en\\\/#organization\",\"name\":\"Kietavi\u0161kiu\",\"url\":\"https:\\\/\\\/kietaviskiu.lt\\\/en\\\/\",\"logo\":{\"@type\":\"ImageObject\",\"inLanguage\":\"en-US\",\"@id\":\"https:\\\/\\\/kietaviskiu.lt\\\/en\\\/#\\\/schema\\\/logo\\\/image\\\/\",\"url\":\"https:\\\/\\\/kietaviskiu.lt\\\/wp-content\\\/uploads\\\/2023\\\/01\\\/logo.png\",\"contentUrl\":\"https:\\\/\\\/kietaviskiu.lt\\\/wp-content\\\/uploads\\\/2023\\\/01\\\/logo.png\",\"width\":1446,\"height\":649,\"caption\":\"Kietavi\u0161kiu\"},\"image\":{\"@id\":\"https:\\\/\\\/kietaviskiu.lt\\\/en\\\/#\\\/schema\\\/logo\\\/image\\\/\"},\"sameAs\":[\"https:\\\/\\\/www.facebook.com\\\/Kietaviskiu\\\/\",\"https:\\\/\\\/www.instagram.com\\\/kietaviskiu\\\/\"]}]}<\/script>\n<!-- \/ Yoast SEO plugin. -->","yoast_head_json":{"title":"Cherry tomatoes - Kietavi\u0161kiu","robots":{"index":"index","follow":"follow","max-snippet":"max-snippet:-1","max-image-preview":"max-image-preview:large","max-video-preview":"max-video-preview:-1"},"canonical":"https:\/\/kietaviskiu.lt\/en\/product\/vysniniai-pomidorai\/","og_locale":"en_US","og_type":"article","og_title":"Cherry tomatoes - Kietavi\u0161kiu","og_description":"Cherry tomatoes are the most popular little tomato variety. They are spherical, roughly 2.5 cm in diameter, juicy, delicious, and have thin skins. We typically use cherry to flavour salads and create different skewers, just like we do with other little tomatoes. Additionally, they are ideal for grilling or baking in the oven.","og_url":"https:\/\/kietaviskiu.lt\/en\/product\/vysniniai-pomidorai\/","og_site_name":"Kietavi\u0161kiu","article_publisher":"https:\/\/www.facebook.com\/Kietaviskiu\/","article_modified_time":"2023-07-27T11:03:57+00:00","og_image":[{"width":900,"height":900,"url":"https:\/\/kietaviskiu.lt\/wp-content\/uploads\/2023\/07\/vysniniai-pomidorai.jpg","type":"image\/jpeg"}],"twitter_card":"summary_large_image","schema":{"@context":"https:\/\/schema.org","@graph":[{"@type":"WebPage","@id":"https:\/\/kietaviskiu.lt\/en\/product\/vysniniai-pomidorai\/","url":"https:\/\/kietaviskiu.lt\/en\/product\/vysniniai-pomidorai\/","name":"Cherry tomatoes - Kietavi\u0161kiu","isPartOf":{"@id":"https:\/\/kietaviskiu.lt\/en\/#website"},"primaryImageOfPage":{"@id":"https:\/\/kietaviskiu.lt\/en\/product\/vysniniai-pomidorai\/#primaryimage"},"image":{"@id":"https:\/\/kietaviskiu.lt\/en\/product\/vysniniai-pomidorai\/#primaryimage"},"thumbnailUrl":"https:\/\/kietaviskiu.lt\/wp-content\/uploads\/2023\/07\/vysniniai-pomidorai.jpg","datePublished":"2023-07-26T13:34:19+00:00","dateModified":"2023-07-27T11:03:57+00:00","breadcrumb":{"@id":"https:\/\/kietaviskiu.lt\/en\/product\/vysniniai-pomidorai\/#breadcrumb"},"inLanguage":"en-US","potentialAction":[{"@type":"ReadAction","target":["https:\/\/kietaviskiu.lt\/en\/product\/vysniniai-pomidorai\/"]}]},{"@type":"ImageObject","inLanguage":"en-US","@id":"https:\/\/kietaviskiu.lt\/en\/product\/vysniniai-pomidorai\/#primaryimage","url":"https:\/\/kietaviskiu.lt\/wp-content\/uploads\/2023\/07\/vysniniai-pomidorai.jpg","contentUrl":"https:\/\/kietaviskiu.lt\/wp-content\/uploads\/2023\/07\/vysniniai-pomidorai.jpg","width":900,"height":900},{"@type":"BreadcrumbList","@id":"https:\/\/kietaviskiu.lt\/en\/product\/vysniniai-pomidorai\/#breadcrumb","itemListElement":[{"@type":"ListItem","position":1,"name":"Home","item":"https:\/\/kietaviskiu.lt\/en\/"},{"@type":"ListItem","position":2,"name":"Products","item":"https:\/\/kietaviskiu.lt\/en\/product\/"},{"@type":"ListItem","position":3,"name":"Cherry tomatoes"}]},{"@type":"WebSite","@id":"https:\/\/kietaviskiu.lt\/en\/#website","url":"https:\/\/kietaviskiu.lt\/en\/","name":"Kietavi\u0161kiu","description":"Lietuvi\u0161kos dar\u017eov\u0117s - visus metus","publisher":{"@id":"https:\/\/kietaviskiu.lt\/en\/#organization"},"potentialAction":[{"@type":"SearchAction","target":{"@type":"EntryPoint","urlTemplate":"https:\/\/kietaviskiu.lt\/en\/?s={search_term_string}"},"query-input":{"@type":"PropertyValueSpecification","valueRequired":true,"valueName":"search_term_string"}}],"inLanguage":"en-US"},{"@type":"Organization","@id":"https:\/\/kietaviskiu.lt\/en\/#organization","name":"Kietavi\u0161kiu","url":"https:\/\/kietaviskiu.lt\/en\/","logo":{"@type":"ImageObject","inLanguage":"en-US","@id":"https:\/\/kietaviskiu.lt\/en\/#\/schema\/logo\/image\/","url":"https:\/\/kietaviskiu.lt\/wp-content\/uploads\/2023\/01\/logo.png","contentUrl":"https:\/\/kietaviskiu.lt\/wp-content\/uploads\/2023\/01\/logo.png","width":1446,"height":649,"caption":"Kietavi\u0161kiu"},"image":{"@id":"https:\/\/kietaviskiu.lt\/en\/#\/schema\/logo\/image\/"},"sameAs":["https:\/\/www.facebook.com\/Kietaviskiu\/","https:\/\/www.instagram.com\/kietaviskiu\/"]}]}},"_links":{"self":[{"href":"https:\/\/kietaviskiu.lt\/en\/wp-json\/wp\/v2\/product\/705","targetHints":{"allow":["GET"]}}],"collection":[{"href":"https:\/\/kietaviskiu.lt\/en\/wp-json\/wp\/v2\/product"}],"about":[{"href":"https:\/\/kietaviskiu.lt\/en\/wp-json\/wp\/v2\/types\/product"}],"wp:featuredmedia":[{"embeddable":true,"href":"https:\/\/kietaviskiu.lt\/en\/wp-json\/wp\/v2\/media\/661"}],"wp:attachment":[{"href":"https:\/\/kietaviskiu.lt\/en\/wp-json\/wp\/v2\/media?parent=705"}],"curies":[{"name":"wp","href":"https:\/\/api.w.org\/{rel}","templated":true}]}}