{"id":567,"date":"2022-10-07T14:07:45","date_gmt":"2022-10-07T11:07:45","guid":{"rendered":"https:\/\/dev.iconic.lt\/kietaviskiu\/apie-mus\/"},"modified":"2023-01-30T09:24:28","modified_gmt":"2023-01-30T07:24:28","slug":"about-us","status":"publish","type":"page","link":"https:\/\/kietaviskiu.lt\/en\/about-us\/","title":{"rendered":"About us"},"content":{"rendered":"\n<p>Kietaviskes Greenhouses form the largest complex of greenhouses in the Baltic States. We use the latest technologies to maintain a microclimate reminiscent of Lithuanian summer, which allows us to bring fresh vegetables to your table all year round. We currently offer 17 varieties of tomatoes, cucumbers, and lettuce.<br><br>The history of Kietaviskes Greenhouses\u2019 current facilities stretches back 30 years, when they were first set and seeded with roses to make use of the surplus heat generated by the nearby Elektrenai Power Plant. Back then, women from the surrounding cities and towns were employed to care for these roses.<\/p>\n\n\n\n<p>Having purchased this infrastructure in 1987 and replacing roses with fresh vegetables, social responsibility and respect for our environment have been part of our company DNA since day one. We work to reduce our impact on the climate, run various initiatives to stop food waste, and organize educational field trips for both children and adults.<\/p>\n","protected":false},"excerpt":{"rendered":"<p>Kietaviskes Greenhouses form the largest complex of greenhouses in the Baltic States. We use the latest technologies to maintain a microclimate reminiscent of Lithuanian summer, which allows us to bring fresh vegetables to your table all year round. We currently offer 17 varieties of tomatoes, cucumbers, and lettuce. The history of Kietaviskes Greenhouses\u2019 current facilities &hellip; <a href=\"https:\/\/kietaviskiu.lt\/en\/about-us\/\">Read more<\/a><\/p>\n","protected":false},"author":1,"featured_media":441,"parent":0,"menu_order":0,"comment_status":"closed","ping_status":"closed","template":"templates\/about.blade.php","meta":{"footnotes":""},"class_list":["post-567","page","type-page","status-publish","has-post-thumbnail","hentry"],"acf":[],"yoast_head":"<!-- This site is optimized with the Yoast SEO plugin v27.3 - https:\/\/yoast.com\/product\/yoast-seo-wordpress\/ -->\n<title>About us - Kietavi\u0161kiu<\/title>\n<meta name=\"robots\" content=\"index, follow, max-snippet:-1, max-image-preview:large, max-video-preview:-1\" \/>\n<link rel=\"canonical\" href=\"https:\/\/kietaviskiu.lt\/en\/about-us\/\" \/>\n<meta property=\"og:locale\" content=\"en_US\" \/>\n<meta property=\"og:type\" content=\"article\" \/>\n<meta property=\"og:title\" content=\"About us - Kietavi\u0161kiu\" \/>\n<meta property=\"og:description\" content=\"Kietaviskes Greenhouses form the largest complex of greenhouses in the Baltic States. We use the latest technologies to maintain a microclimate reminiscent of Lithuanian summer, which allows us to bring fresh vegetables to your table all year round. We currently offer 17 varieties of tomatoes, cucumbers, and lettuce. The history of Kietaviskes Greenhouses\u2019 current facilities &hellip; Read more\" \/>\n<meta property=\"og:url\" content=\"https:\/\/kietaviskiu.lt\/en\/about-us\/\" \/>\n<meta property=\"og:site_name\" content=\"Kietavi\u0161kiu\" \/>\n<meta property=\"article:publisher\" content=\"https:\/\/www.facebook.com\/Kietaviskiu\/\" \/>\n<meta property=\"article:modified_time\" content=\"2023-01-30T07:24:28+00:00\" \/>\n<meta property=\"og:image\" content=\"https:\/\/kietaviskiu.lt\/wp-content\/uploads\/2022\/10\/pexels-viktoria-slowikowska-5677718.jpg\" \/>\n\t<meta property=\"og:image:width\" content=\"1280\" \/>\n\t<meta property=\"og:image:height\" content=\"853\" \/>\n\t<meta property=\"og:image:type\" content=\"image\/jpeg\" \/>\n<meta name=\"twitter:card\" content=\"summary_large_image\" \/>\n<meta name=\"twitter:label1\" content=\"Est. reading time\" \/>\n\t<meta name=\"twitter:data1\" content=\"1 minute\" \/>\n<script type=\"application\/ld+json\" class=\"yoast-schema-graph\">{\"@context\":\"https:\\\/\\\/schema.org\",\"@graph\":[{\"@type\":\"WebPage\",\"@id\":\"https:\\\/\\\/kietaviskiu.lt\\\/en\\\/about-us\\\/\",\"url\":\"https:\\\/\\\/kietaviskiu.lt\\\/en\\\/about-us\\\/\",\"name\":\"About us - Kietavi\u0161kiu\",\"isPartOf\":{\"@id\":\"https:\\\/\\\/kietaviskiu.lt\\\/en\\\/#website\"},\"primaryImageOfPage\":{\"@id\":\"https:\\\/\\\/kietaviskiu.lt\\\/en\\\/about-us\\\/#primaryimage\"},\"image\":{\"@id\":\"https:\\\/\\\/kietaviskiu.lt\\\/en\\\/about-us\\\/#primaryimage\"},\"thumbnailUrl\":\"https:\\\/\\\/kietaviskiu.lt\\\/wp-content\\\/uploads\\\/2022\\\/10\\\/pexels-viktoria-slowikowska-5677718.jpg\",\"datePublished\":\"2022-10-07T11:07:45+00:00\",\"dateModified\":\"2023-01-30T07:24:28+00:00\",\"breadcrumb\":{\"@id\":\"https:\\\/\\\/kietaviskiu.lt\\\/en\\\/about-us\\\/#breadcrumb\"},\"inLanguage\":\"en-US\",\"potentialAction\":[{\"@type\":\"ReadAction\",\"target\":[\"https:\\\/\\\/kietaviskiu.lt\\\/en\\\/about-us\\\/\"]}]},{\"@type\":\"ImageObject\",\"inLanguage\":\"en-US\",\"@id\":\"https:\\\/\\\/kietaviskiu.lt\\\/en\\\/about-us\\\/#primaryimage\",\"url\":\"https:\\\/\\\/kietaviskiu.lt\\\/wp-content\\\/uploads\\\/2022\\\/10\\\/pexels-viktoria-slowikowska-5677718.jpg\",\"contentUrl\":\"https:\\\/\\\/kietaviskiu.lt\\\/wp-content\\\/uploads\\\/2022\\\/10\\\/pexels-viktoria-slowikowska-5677718.jpg\",\"width\":1280,\"height\":853},{\"@type\":\"BreadcrumbList\",\"@id\":\"https:\\\/\\\/kietaviskiu.lt\\\/en\\\/about-us\\\/#breadcrumb\",\"itemListElement\":[{\"@type\":\"ListItem\",\"position\":1,\"name\":\"Home\",\"item\":\"https:\\\/\\\/kietaviskiu.lt\\\/en\\\/\"},{\"@type\":\"ListItem\",\"position\":2,\"name\":\"About us\"}]},{\"@type\":\"WebSite\",\"@id\":\"https:\\\/\\\/kietaviskiu.lt\\\/en\\\/#website\",\"url\":\"https:\\\/\\\/kietaviskiu.lt\\\/en\\\/\",\"name\":\"Kietavi\u0161kiu\",\"description\":\"Lietuvi\u0161kos dar\u017eov\u0117s - visus metus\",\"publisher\":{\"@id\":\"https:\\\/\\\/kietaviskiu.lt\\\/en\\\/#organization\"},\"potentialAction\":[{\"@type\":\"SearchAction\",\"target\":{\"@type\":\"EntryPoint\",\"urlTemplate\":\"https:\\\/\\\/kietaviskiu.lt\\\/en\\\/?s={search_term_string}\"},\"query-input\":{\"@type\":\"PropertyValueSpecification\",\"valueRequired\":true,\"valueName\":\"search_term_string\"}}],\"inLanguage\":\"en-US\"},{\"@type\":\"Organization\",\"@id\":\"https:\\\/\\\/kietaviskiu.lt\\\/en\\\/#organization\",\"name\":\"Kietavi\u0161kiu\",\"url\":\"https:\\\/\\\/kietaviskiu.lt\\\/en\\\/\",\"logo\":{\"@type\":\"ImageObject\",\"inLanguage\":\"en-US\",\"@id\":\"https:\\\/\\\/kietaviskiu.lt\\\/en\\\/#\\\/schema\\\/logo\\\/image\\\/\",\"url\":\"https:\\\/\\\/kietaviskiu.lt\\\/wp-content\\\/uploads\\\/2023\\\/01\\\/logo.png\",\"contentUrl\":\"https:\\\/\\\/kietaviskiu.lt\\\/wp-content\\\/uploads\\\/2023\\\/01\\\/logo.png\",\"width\":1446,\"height\":649,\"caption\":\"Kietavi\u0161kiu\"},\"image\":{\"@id\":\"https:\\\/\\\/kietaviskiu.lt\\\/en\\\/#\\\/schema\\\/logo\\\/image\\\/\"},\"sameAs\":[\"https:\\\/\\\/www.facebook.com\\\/Kietaviskiu\\\/\",\"https:\\\/\\\/www.instagram.com\\\/kietaviskiu\\\/\"]}]}<\/script>\n<!-- \/ Yoast SEO plugin. -->","yoast_head_json":{"title":"About us - Kietavi\u0161kiu","robots":{"index":"index","follow":"follow","max-snippet":"max-snippet:-1","max-image-preview":"max-image-preview:large","max-video-preview":"max-video-preview:-1"},"canonical":"https:\/\/kietaviskiu.lt\/en\/about-us\/","og_locale":"en_US","og_type":"article","og_title":"About us - Kietavi\u0161kiu","og_description":"Kietaviskes Greenhouses form the largest complex of greenhouses in the Baltic States. We use the latest technologies to maintain a microclimate reminiscent of Lithuanian summer, which allows us to bring fresh vegetables to your table all year round. We currently offer 17 varieties of tomatoes, cucumbers, and lettuce. The history of Kietaviskes Greenhouses\u2019 current facilities &hellip; Read more","og_url":"https:\/\/kietaviskiu.lt\/en\/about-us\/","og_site_name":"Kietavi\u0161kiu","article_publisher":"https:\/\/www.facebook.com\/Kietaviskiu\/","article_modified_time":"2023-01-30T07:24:28+00:00","og_image":[{"width":1280,"height":853,"url":"https:\/\/kietaviskiu.lt\/wp-content\/uploads\/2022\/10\/pexels-viktoria-slowikowska-5677718.jpg","type":"image\/jpeg"}],"twitter_card":"summary_large_image","twitter_misc":{"Est. reading time":"1 minute"},"schema":{"@context":"https:\/\/schema.org","@graph":[{"@type":"WebPage","@id":"https:\/\/kietaviskiu.lt\/en\/about-us\/","url":"https:\/\/kietaviskiu.lt\/en\/about-us\/","name":"About us - Kietavi\u0161kiu","isPartOf":{"@id":"https:\/\/kietaviskiu.lt\/en\/#website"},"primaryImageOfPage":{"@id":"https:\/\/kietaviskiu.lt\/en\/about-us\/#primaryimage"},"image":{"@id":"https:\/\/kietaviskiu.lt\/en\/about-us\/#primaryimage"},"thumbnailUrl":"https:\/\/kietaviskiu.lt\/wp-content\/uploads\/2022\/10\/pexels-viktoria-slowikowska-5677718.jpg","datePublished":"2022-10-07T11:07:45+00:00","dateModified":"2023-01-30T07:24:28+00:00","breadcrumb":{"@id":"https:\/\/kietaviskiu.lt\/en\/about-us\/#breadcrumb"},"inLanguage":"en-US","potentialAction":[{"@type":"ReadAction","target":["https:\/\/kietaviskiu.lt\/en\/about-us\/"]}]},{"@type":"ImageObject","inLanguage":"en-US","@id":"https:\/\/kietaviskiu.lt\/en\/about-us\/#primaryimage","url":"https:\/\/kietaviskiu.lt\/wp-content\/uploads\/2022\/10\/pexels-viktoria-slowikowska-5677718.jpg","contentUrl":"https:\/\/kietaviskiu.lt\/wp-content\/uploads\/2022\/10\/pexels-viktoria-slowikowska-5677718.jpg","width":1280,"height":853},{"@type":"BreadcrumbList","@id":"https:\/\/kietaviskiu.lt\/en\/about-us\/#breadcrumb","itemListElement":[{"@type":"ListItem","position":1,"name":"Home","item":"https:\/\/kietaviskiu.lt\/en\/"},{"@type":"ListItem","position":2,"name":"About us"}]},{"@type":"WebSite","@id":"https:\/\/kietaviskiu.lt\/en\/#website","url":"https:\/\/kietaviskiu.lt\/en\/","name":"Kietavi\u0161kiu","description":"Lietuvi\u0161kos dar\u017eov\u0117s - visus metus","publisher":{"@id":"https:\/\/kietaviskiu.lt\/en\/#organization"},"potentialAction":[{"@type":"SearchAction","target":{"@type":"EntryPoint","urlTemplate":"https:\/\/kietaviskiu.lt\/en\/?s={search_term_string}"},"query-input":{"@type":"PropertyValueSpecification","valueRequired":true,"valueName":"search_term_string"}}],"inLanguage":"en-US"},{"@type":"Organization","@id":"https:\/\/kietaviskiu.lt\/en\/#organization","name":"Kietavi\u0161kiu","url":"https:\/\/kietaviskiu.lt\/en\/","logo":{"@type":"ImageObject","inLanguage":"en-US","@id":"https:\/\/kietaviskiu.lt\/en\/#\/schema\/logo\/image\/","url":"https:\/\/kietaviskiu.lt\/wp-content\/uploads\/2023\/01\/logo.png","contentUrl":"https:\/\/kietaviskiu.lt\/wp-content\/uploads\/2023\/01\/logo.png","width":1446,"height":649,"caption":"Kietavi\u0161kiu"},"image":{"@id":"https:\/\/kietaviskiu.lt\/en\/#\/schema\/logo\/image\/"},"sameAs":["https:\/\/www.facebook.com\/Kietaviskiu\/","https:\/\/www.instagram.com\/kietaviskiu\/"]}]}},"_links":{"self":[{"href":"https:\/\/kietaviskiu.lt\/en\/wp-json\/wp\/v2\/pages\/567","targetHints":{"allow":["GET"]}}],"collection":[{"href":"https:\/\/kietaviskiu.lt\/en\/wp-json\/wp\/v2\/pages"}],"about":[{"href":"https:\/\/kietaviskiu.lt\/en\/wp-json\/wp\/v2\/types\/page"}],"author":[{"embeddable":true,"href":"https:\/\/kietaviskiu.lt\/en\/wp-json\/wp\/v2\/users\/1"}],"replies":[{"embeddable":true,"href":"https:\/\/kietaviskiu.lt\/en\/wp-json\/wp\/v2\/comments?post=567"}],"version-history":[{"count":4,"href":"https:\/\/kietaviskiu.lt\/en\/wp-json\/wp\/v2\/pages\/567\/revisions"}],"predecessor-version":[{"id":599,"href":"https:\/\/kietaviskiu.lt\/en\/wp-json\/wp\/v2\/pages\/567\/revisions\/599"}],"wp:featuredmedia":[{"embeddable":true,"href":"https:\/\/kietaviskiu.lt\/en\/wp-json\/wp\/v2\/media\/441"}],"wp:attachment":[{"href":"https:\/\/kietaviskiu.lt\/en\/wp-json\/wp\/v2\/media?parent=567"}],"curies":[{"name":"wp","href":"https:\/\/api.w.org\/{rel}","templated":true}]}}